{"id":1076,"date":"2017-10-17T08:41:41","date_gmt":"2017-10-17T08:41:41","guid":{"rendered":"http:\/\/lajueya.net\/?page_id=1076"},"modified":"2017-10-17T09:03:02","modified_gmt":"2017-10-17T09:03:02","slug":"curso-2016-2017","status":"publish","type":"page","link":"https:\/\/lajueya.net\/index.php\/curso-2016-2017\/","title":{"rendered":"Curso 2016-2017"},"content":{"rendered":"<p>[et_pb_section bb_built=\u00bb1&#8243; admin_label=\u00bbsection\u00bb background_color=\u00bb#f4a460&#8243; fullwidth=\u00bbon\u00bb custom_padding_last_edited=\u00bbon|desktop\u00bb _builder_version=\u00bb3.0.82&#8243; custom_padding_tablet=\u00bb50px|0|50px|0&#8243; transparent_background=\u00bboff\u00bb box_shadow_position=\u00bbouter\u00bb][et_pb_fullwidth_header admin_label=\u00bbFullwidth Header\u00bb title=\u00bbHemeroteca, Curso 2016-2017&#8243; subhead=\u00bbPicos de Europa. Alumnos y profesores de la comarca\u00bb background_layout=\u00bbdark\u00bb header_image_url=\u00bbhttp:\/\/lajueya.net\/wp-content\/uploads\/2017\/09\/Cabecera-paloma.gif\u00bb _builder_version=\u00bb3.0.82&#8243; max_width_tablet=\u00bb50px\u00bb custom_css_header_image=\u00bbwidth: 150px;\u00bb text_orientation=\u00bbleft\u00bb header_fullscreen=\u00bboff\u00bb header_scroll_down=\u00bboff\u00bb image_orientation=\u00bbcenter\u00bb content_orientation=\u00bbcenter\u00bb custom_button_one=\u00bboff\u00bb button_one_icon_placement=\u00bbright\u00bb box_shadow_position_button_one=\u00bbouter\u00bb custom_button_two=\u00bboff\u00bb button_two_icon_placement=\u00bbright\u00bb box_shadow_position_button_two=\u00bbouter\u00bb box_shadow_position=\u00bbouter\u00bb \/][\/et_pb_section][et_pb_section bb_built=\u00bb1&#8243; admin_label=\u00bbsection\u00bb background_color=\u00bb#ffffff\u00bb custom_padding_last_edited=\u00bbon|desktop\u00bb _builder_version=\u00bb3.0.47&#8243; custom_padding_tablet=\u00bb50px|0|50px|0&#8243; transparent_background=\u00bboff\u00bb padding_mobile=\u00bboff\u00bb][et_pb_row _builder_version=\u00bb3.0.47&#8243; background_size=\u00bbinitial\u00bb background_position=\u00bbtop_left\u00bb background_repeat=\u00bbrepeat\u00bb _i=\u00bb0&#8243; _address=\u00bb1.0&#8243;][et_pb_column type=\u00bb4_4&#8243;][et_pb_text _builder_version=\u00bb3.0.82&#8243; background_size=\u00bbinitial\u00bb background_position=\u00bbtop_left\u00bb background_repeat=\u00bbrepeat\u00bb module_alignment=\u00bbleft\u00bb _i=\u00bb0&#8243; _address=\u00bb1.0.0.0&#8243; background_layout=\u00bblight\u00bb border_style=\u00bbsolid\u00bb box_shadow_position=\u00bbouter\u00bb]<\/p>\n<h1>Hemeroteca<\/h1>\n<p>CURSO 2016-2017<\/p>\n<p>[\/et_pb_text][\/et_pb_column][\/et_pb_row][et_pb_row _builder_version=\u00bb3.0.47&#8243; background_size=\u00bbinitial\u00bb background_position=\u00bbtop_left\u00bb background_repeat=\u00bbrepeat\u00bb _i=\u00bb1&#8243; _address=\u00bb1.1&#8243;][et_pb_column type=\u00bb1_3&#8243;][et_pb_blurb admin_label=\u00bb200&#8243; title=\u00bbLa Jueya 200, 4 dic 2016&#8243; url=\u00bbhttp:\/\/lajueya.net\/wp-content\/uploads\/2017\/09\/LaJueya200.04.12.2016.pdf\u00bb url_new_window=\u00bbon\u00bb image=\u00bbhttp:\/\/lajueya.net\/wp-content\/uploads\/2017\/09\/LaJueya200.04.12.2016.jpg\u00bb _builder_version=\u00bb3.0.76&#8243; background_size=\u00bbinitial\u00bb background_position=\u00bbtop_left\u00bb background_repeat=\u00bbrepeat\u00bb use_border_color=\u00bbon\u00bb border_color=\u00bb#a8a8a8&#8243; border_width=\u00bb2px\u00bb text_orientation=\u00bbcenter\u00bb animation=\u00bboff\u00bb \/][\/et_pb_column][et_pb_column type=\u00bb1_3&#8243;][et_pb_blurb admin_label=\u00bb201&#8243; title=\u00bbLa Jueya 201, 5 dic 2016&#8243; url=\u00bbhttp:\/\/lajueya.net\/wp-content\/uploads\/2017\/09\/LaJueya201.05.12.2016.pdf\u00bb url_new_window=\u00bbon\u00bb image=\u00bbhttp:\/\/lajueya.net\/wp-content\/uploads\/2017\/10\/LaJueya201.05.12.2016.jpg\u00bb _builder_version=\u00bb3.0.82&#8243; background_size=\u00bbinitial\u00bb background_position=\u00bbtop_left\u00bb background_repeat=\u00bbrepeat\u00bb use_border_color=\u00bbon\u00bb border_color=\u00bb#a8a8a8&#8243; border_width=\u00bb2px\u00bb text_orientation=\u00bbcenter\u00bb animation=\u00bboff\u00bb \/][\/et_pb_column][et_pb_column type=\u00bb1_3&#8243;][et_pb_blurb admin_label=\u00bb202&#8243; title=\u00bbLa Jueya 202, 20 dic 2016&#8243; url=\u00bbhttp:\/\/lajueya.net\/wp-content\/uploads\/2017\/09\/LaJueya202.20.12.2016.pdf\u00bb url_new_window=\u00bbon\u00bb image=\u00bbhttp:\/\/lajueya.net\/wp-content\/uploads\/2017\/10\/LaJueya202.20.12.2016.jpg\u00bb _builder_version=\u00bb3.0.82&#8243; background_size=\u00bbinitial\u00bb background_position=\u00bbtop_left\u00bb background_repeat=\u00bbrepeat\u00bb use_border_color=\u00bbon\u00bb border_color=\u00bb#a8a8a8&#8243; border_width=\u00bb2px\u00bb text_orientation=\u00bbcenter\u00bb animation=\u00bboff\u00bb \/][\/et_pb_column][\/et_pb_row][et_pb_row _builder_version=\u00bb3.0.47&#8243; background_size=\u00bbinitial\u00bb background_position=\u00bbtop_left\u00bb background_repeat=\u00bbrepeat\u00bb _i=\u00bb2&#8243; _address=\u00bb1.2&#8243;][et_pb_column type=\u00bb1_3&#8243;][et_pb_blurb admin_label=\u00bb203&#8243; title=\u00bbLa Jueya 203, 31 ene 2017&#8243; url=\u00bbhttp:\/\/lajueya.net\/wp-content\/uploads\/2017\/09\/LaJueya203.24.01.2017.pdf\u00bb url_new_window=\u00bbon\u00bb image=\u00bbhttp:\/\/lajueya.net\/wp-content\/uploads\/2017\/10\/LaJueya203.24.01.2017.jpg\u00bb _builder_version=\u00bb3.0.82&#8243; background_size=\u00bbinitial\u00bb background_position=\u00bbtop_left\u00bb background_repeat=\u00bbrepeat\u00bb use_border_color=\u00bbon\u00bb border_color=\u00bb#a8a8a8&#8243; border_width=\u00bb2px\u00bb text_orientation=\u00bbcenter\u00bb animation=\u00bboff\u00bb \/][\/et_pb_column][et_pb_column type=\u00bb1_3&#8243;][et_pb_blurb admin_label=\u00bb204&#8243; title=\u00bbLa Jueya 204, 14 feb 2017&#8243; url=\u00bbhttp:\/\/lajueya.net\/wp-content\/uploads\/2017\/09\/LaJueya204.14.02.2017.pdf\u00bb url_new_window=\u00bbon\u00bb image=\u00bbhttp:\/\/lajueya.net\/wp-content\/uploads\/2017\/10\/LaJueya204.14.02.2017.jpg\u00bb _builder_version=\u00bb3.0.82&#8243; background_size=\u00bbinitial\u00bb background_position=\u00bbtop_left\u00bb background_repeat=\u00bbrepeat\u00bb use_border_color=\u00bbon\u00bb border_color=\u00bb#a8a8a8&#8243; border_width=\u00bb2px\u00bb text_orientation=\u00bbcenter\u00bb animation=\u00bboff\u00bb \/][\/et_pb_column][et_pb_column type=\u00bb1_3&#8243;][et_pb_blurb admin_label=\u00bb205&#8243; title=\u00bbLa Jueya 205, 7 mar 2017&#8243; url=\u00bbhttp:\/\/lajueya.net\/wp-content\/uploads\/2017\/09\/LaJueya205.7.03.2017.pdf\u00bb url_new_window=\u00bbon\u00bb image=\u00bbhttp:\/\/lajueya.net\/wp-content\/uploads\/2017\/10\/LaJueya205.7.03.2017.jpg\u00bb _builder_version=\u00bb3.0.82&#8243; background_size=\u00bbinitial\u00bb background_position=\u00bbtop_left\u00bb background_repeat=\u00bbrepeat\u00bb use_border_color=\u00bbon\u00bb border_color=\u00bb#a8a8a8&#8243; border_width=\u00bb2px\u00bb text_orientation=\u00bbcenter\u00bb animation=\u00bboff\u00bb \/][\/et_pb_column][\/et_pb_row][et_pb_row _builder_version=\u00bb3.0.47&#8243; background_size=\u00bbinitial\u00bb background_position=\u00bbtop_left\u00bb background_repeat=\u00bbrepeat\u00bb _i=\u00bb3&#8243; _address=\u00bb1.3&#8243;][et_pb_column type=\u00bb1_3&#8243;][et_pb_blurb admin_label=\u00bb206&#8243; title=\u00bbLa Jueya 206, 11 abr 2017&#8243; url=\u00bbhttp:\/\/lajueya.net\/wp-content\/uploads\/2017\/09\/LaJueya206.21.03.2017.pdf\u00bb url_new_window=\u00bbon\u00bb image=\u00bbhttp:\/\/lajueya.net\/wp-content\/uploads\/2017\/10\/LaJueya206.21.03.2017.jpg\u00bb _builder_version=\u00bb3.0.82&#8243; background_size=\u00bbinitial\u00bb background_position=\u00bbtop_left\u00bb background_repeat=\u00bbrepeat\u00bb use_border_color=\u00bbon\u00bb border_color=\u00bb#a8a8a8&#8243; border_width=\u00bb2px\u00bb text_orientation=\u00bbcenter\u00bb animation=\u00bboff\u00bb \/][\/et_pb_column][et_pb_column type=\u00bb1_3&#8243;][et_pb_blurb admin_label=\u00bb207&#8243; title=\u00bbLa Jueya 207, 18 abr 2017 \u00bb url=\u00bbhttp:\/\/lajueya.net\/wp-content\/uploads\/2017\/09\/LaJueya207.18.04.2017.pdf\u00bb url_new_window=\u00bbon\u00bb image=\u00bbhttp:\/\/lajueya.net\/wp-content\/uploads\/2017\/10\/LaJueya207.18.04.2017.jpg\u00bb _builder_version=\u00bb3.0.82&#8243; background_size=\u00bbinitial\u00bb background_position=\u00bbtop_left\u00bb background_repeat=\u00bbrepeat\u00bb use_border_color=\u00bbon\u00bb border_color=\u00bb#a8a8a8&#8243; border_width=\u00bb2px\u00bb text_orientation=\u00bbcenter\u00bb animation=\u00bboff\u00bb \/][\/et_pb_column][et_pb_column type=\u00bb1_3&#8243;][et_pb_blurb admin_label=\u00bb208&#8243; title=\u00bbLa Jueya 208, 2 may 2017 \u00bb url=\u00bbhttp:\/\/lajueya.net\/wp-content\/uploads\/2017\/09\/LaJueya208.2.05.2017.pdf\u00bb url_new_window=\u00bbon\u00bb image=\u00bbhttp:\/\/lajueya.net\/wp-content\/uploads\/2017\/10\/LaJueya208.2.05.2017.jpg\u00bb _builder_version=\u00bb3.0.82&#8243; background_size=\u00bbinitial\u00bb background_position=\u00bbtop_left\u00bb background_repeat=\u00bbrepeat\u00bb use_border_color=\u00bbon\u00bb border_color=\u00bb#a8a8a8&#8243; border_width=\u00bb2px\u00bb text_orientation=\u00bbcenter\u00bb animation=\u00bboff\u00bb \/][\/et_pb_column][\/et_pb_row][et_pb_row _builder_version=\u00bb3.0.47&#8243; background_size=\u00bbinitial\u00bb background_position=\u00bbtop_left\u00bb background_repeat=\u00bbrepeat\u00bb _i=\u00bb4&#8243; _address=\u00bb1.4&#8243;][et_pb_column type=\u00bb1_3&#8243;][et_pb_blurb admin_label=\u00bb209&#8243; title=\u00bbLa Jueya 209, 9 may 2017 \u00bb url=\u00bbhttp:\/\/lajueya.net\/wp-content\/uploads\/2017\/09\/LaJueya209.9.05.2017.pdf\u00bb url_new_window=\u00bbon\u00bb image=\u00bbhttp:\/\/lajueya.net\/wp-content\/uploads\/2017\/10\/LaJueya209.9.05.2017.jpg\u00bb _builder_version=\u00bb3.0.82&#8243; background_size=\u00bbinitial\u00bb background_position=\u00bbtop_left\u00bb background_repeat=\u00bbrepeat\u00bb use_border_color=\u00bbon\u00bb border_color=\u00bb#a8a8a8&#8243; border_width=\u00bb2px\u00bb text_orientation=\u00bbcenter\u00bb animation=\u00bboff\u00bb \/][\/et_pb_column][et_pb_column type=\u00bb1_3&#8243;][et_pb_blurb admin_label=\u00bb210&#8243; title=\u00bbLa Jueya 210, 16 may 2017 \u00bb url=\u00bbhttp:\/\/lajueya.net\/wp-content\/uploads\/2017\/09\/LaJueya210.16.05.2017.pdf\u00bb url_new_window=\u00bbon\u00bb image=\u00bbhttp:\/\/lajueya.net\/wp-content\/uploads\/2017\/10\/LaJueya210.16.05.2017.jpg\u00bb _builder_version=\u00bb3.0.82&#8243; background_size=\u00bbinitial\u00bb background_position=\u00bbtop_left\u00bb background_repeat=\u00bbrepeat\u00bb use_border_color=\u00bbon\u00bb border_color=\u00bb#a8a8a8&#8243; border_width=\u00bb2px\u00bb text_orientation=\u00bbcenter\u00bb animation=\u00bboff\u00bb \/][\/et_pb_column][et_pb_column type=\u00bb1_3&#8243;][\/et_pb_column][\/et_pb_row][\/et_pb_section][et_pb_section bb_built=\u00bb1&#8243; admin_label=\u00bbsection\u00bb background_color=\u00bb#000000&#8243; custom_padding_last_edited=\u00bbon|desktop\u00bb _builder_version=\u00bb3.0.47&#8243; custom_padding_tablet=\u00bb50px|0|50px|0&#8243; transparent_background=\u00bboff\u00bb padding_mobile=\u00bboff\u00bb][et_pb_row admin_label=\u00bbrow\u00bb _builder_version=\u00bb3.0.47&#8243; background_size=\u00bbinitial\u00bb background_position=\u00bbtop_left\u00bb background_repeat=\u00bbrepeat\u00bb _i=\u00bb0&#8243; _address=\u00bb2.0&#8243;][et_pb_column type=\u00bb1_4&#8243;][et_pb_blurb admin_label=\u00bbDestino Asturias\u00bb title=\u00bbDestino Asturias\u00bb url=\u00bbhttp:\/\/www.destinoasturias.com\u00bb url_new_window=\u00bbon\u00bb icon_color=\u00bb#2ea3f2&#8243; image=\u00bbhttp:\/\/lajueya.net\/wp-content\/uploads\/2017\/09\/logoasturiaslajueya.jpg\u00bb background_layout=\u00bbdark\u00bb _builder_version=\u00bb3.0.76&#8243; background_size=\u00bbinitial\u00bb background_position=\u00bbtop_left\u00bb background_repeat=\u00bbrepeat\u00bb text_orientation=\u00bbcenter\u00bb max_width_tablet=\u00bb50px\u00bb \/][\/et_pb_column][et_pb_column type=\u00bb1_4&#8243;][et_pb_blurb admin_label=\u00bbEl Mol\u00edn\u00bb title=\u00bbEl Mol\u00edn de La Pedrera\u00bb url=\u00bbhttp:\/\/www.elmolin.com\u00bb url_new_window=\u00bbon\u00bb icon_color=\u00bb#2ea3f2&#8243; image=\u00bbhttp:\/\/lajueya.net\/wp-content\/uploads\/2017\/09\/Logo-El-Molin.png\u00bb background_layout=\u00bbdark\u00bb _builder_version=\u00bb3.0.76&#8243; background_size=\u00bbinitial\u00bb background_position=\u00bbtop_left\u00bb background_repeat=\u00bbrepeat\u00bb text_orientation=\u00bbcenter\u00bb max_width_tablet=\u00bb50px\u00bb]<\/p>\n<p>Restaurante<br \/>\nCalle R\u00edo G\u00fce\u00f1a, 2<br \/>\nCangas de On\u00eds, Asturias<br \/>\n985 84 91 09<\/p>\n<p>[\/et_pb_blurb][et_pb_blurb admin_label=\u00bbEl Casta\u00f1u\u00bb title=\u00bbEl Rinc\u00f3n del Casta\u00f1u\u00bb url=\u00bbhttps:\/\/www.facebook.com\/mesonrincon.delcastanu.5\/\u00bb url_new_window=\u00bbon\u00bb icon_color=\u00bb#2ea3f2&#8243; image=\u00bbhttp:\/\/lajueya.net\/wp-content\/uploads\/2017\/09\/Logo-Meson-Cata\u00f1u.tiff\u00bb background_layout=\u00bbdark\u00bb _builder_version=\u00bb3.0.76&#8243; background_size=\u00bbinitial\u00bb background_position=\u00bbtop_left\u00bb background_repeat=\u00bbrepeat\u00bb text_orientation=\u00bbcenter\u00bb max_width_tablet=\u00bb50px\u00bb]<\/p>\n<p>Mes\u00f3n &#8211; Sidrer\u00eda<br \/>\nCalle Ram\u00f3n del Valle, 3<br \/>\nArriondas, Asturias<br \/>\n985 84 16 74<\/p>\n<p>[\/et_pb_blurb][\/et_pb_column][et_pb_column type=\u00bb1_4&#8243;][et_pb_blurb admin_label=\u00bbLa Escuela\u00bb title=\u00bbLa Escuela\u00bb url=\u00bbhttps:\/\/www.facebook.com\/laescuelacangasrockbar\/\u00bb url_new_window=\u00bbon\u00bb icon_color=\u00bb#2ea3f2&#8243; image=\u00bbhttp:\/\/lajueya.net\/wp-content\/uploads\/2017\/09\/Logo-La-Escuela.jpg\u00bb background_layout=\u00bbdark\u00bb _builder_version=\u00bb3.0.76&#8243; background_size=\u00bbinitial\u00bb background_position=\u00bbtop_left\u00bb background_repeat=\u00bbrepeat\u00bb text_orientation=\u00bbcenter\u00bb max_width_tablet=\u00bb50px\u00bb]<\/p>\n<p>Rock Bar<br \/>\nCalle Celso Diego Somano, 3, Cangas de On\u00eds,\u00a0Asturias<br \/>\n984 84 00 36<\/p>\n<p>[\/et_pb_blurb][\/et_pb_column][et_pb_column type=\u00bb1_4&#8243;][et_pb_blurb admin_label=\u00bbFusi\u00f3n\u00bb title=\u00bbFusi\u00f3n, Animaci\u00f3n\u00bb url=\u00bbhttp:\/\/www.destinoasturias.com\u00bb url_new_window=\u00bbon\u00bb icon_color=\u00bb#2ea3f2&#8243; image=\u00bbhttp:\/\/lajueya.net\/wp-content\/uploads\/2017\/09\/Fusi\u00f3n.jpg\u00bb background_layout=\u00bbdark\u00bb _builder_version=\u00bb3.0.76&#8243; background_size=\u00bbinitial\u00bb background_position=\u00bbtop_left\u00bb background_repeat=\u00bbrepeat\u00bb text_orientation=\u00bbcenter\u00bb max_width_tablet=\u00bb50px\u00bb \/][\/et_pb_column][\/et_pb_row][et_pb_row _builder_version=\u00bb3.0.47&#8243; background_size=\u00bbinitial\u00bb background_position=\u00bbtop_left\u00bb background_repeat=\u00bbrepeat\u00bb _i=\u00bb1&#8243; _address=\u00bb2.1&#8243;][et_pb_column type=\u00bb4_4&#8243;][et_pb_text background_layout=\u00bbdark\u00bb _builder_version=\u00bb3.0.47&#8243; background_size=\u00bbinitial\u00bb background_position=\u00bbtop_left\u00bb background_repeat=\u00bbrepeat\u00bb module_alignment=\u00bbleft\u00bb _i=\u00bb0&#8243; _address=\u00bb2.1.0.0&#8243;]<\/p>\n<h1 style=\"text-align: center;\">Empresas colaboradoras con nuestro peri\u00f3dico<\/h1>\n<p>[\/et_pb_text][\/et_pb_column][\/et_pb_row][\/et_pb_section]<\/p>\n","protected":false},"excerpt":{"rendered":"<p>Hemeroteca CURSO 2016-2017 Restaurante Calle R\u00edo G\u00fce\u00f1a, 2 Cangas de On\u00eds, Asturias 985 84 91 09 Mes\u00f3n &#8211; Sidrer\u00eda Calle Ram\u00f3n del Valle, 3 Arriondas, Asturias 985 84 16 74 Rock Bar Calle Celso Diego Somano, 3, Cangas de On\u00eds,\u00a0Asturias 984 84 00 36 Empresas colaboradoras con nuestro peri\u00f3dico<\/p>\n","protected":false},"author":1,"featured_media":0,"parent":0,"menu_order":0,"comment_status":"closed","ping_status":"closed","template":"","meta":{"_et_pb_use_builder":"on","_et_pb_old_content":"","_et_gb_content_width":"","footnotes":""},"class_list":["post-1076","page","type-page","status-publish","hentry"],"_links":{"self":[{"href":"https:\/\/lajueya.net\/index.php\/wp-json\/wp\/v2\/pages\/1076","targetHints":{"allow":["GET"]}}],"collection":[{"href":"https:\/\/lajueya.net\/index.php\/wp-json\/wp\/v2\/pages"}],"about":[{"href":"https:\/\/lajueya.net\/index.php\/wp-json\/wp\/v2\/types\/page"}],"author":[{"embeddable":true,"href":"https:\/\/lajueya.net\/index.php\/wp-json\/wp\/v2\/users\/1"}],"replies":[{"embeddable":true,"href":"https:\/\/lajueya.net\/index.php\/wp-json\/wp\/v2\/comments?post=1076"}],"version-history":[{"count":7,"href":"https:\/\/lajueya.net\/index.php\/wp-json\/wp\/v2\/pages\/1076\/revisions"}],"predecessor-version":[{"id":1081,"href":"https:\/\/lajueya.net\/index.php\/wp-json\/wp\/v2\/pages\/1076\/revisions\/1081"}],"wp:attachment":[{"href":"https:\/\/lajueya.net\/index.php\/wp-json\/wp\/v2\/media?parent=1076"}],"curies":[{"name":"wp","href":"https:\/\/api.w.org\/{rel}","templated":true}]}}