{"id":1162,"date":"2017-10-24T18:04:16","date_gmt":"2017-10-24T18:04:16","guid":{"rendered":"http:\/\/lajueya.net\/?page_id=1162"},"modified":"2018-04-16T14:45:25","modified_gmt":"2018-04-16T14:45:25","slug":"arte-musica-cultura","status":"publish","type":"page","link":"https:\/\/lajueya.net\/index.php\/arte-musica-cultura\/","title":{"rendered":"Arte, m\u00fasica, cultura"},"content":{"rendered":"<p>[et_pb_section bb_built=\u00bb1&#8243; fullwidth=\u00bbon\u00bb specialty=\u00bboff\u00bb next_background_color=\u00bb#000000&#8243;][et_pb_fullwidth_header _builder_version=\u00bb3.0.83&#8243; title=\u00bbArte, m\u00fasica, cultura\u00bb subhead=\u00bbInvestigaci\u00f3n sobre creaci\u00f3n y representaci\u00f3n\u00bb text_orientation=\u00bbleft\u00bb header_fullscreen=\u00bboff\u00bb header_scroll_down=\u00bboff\u00bb image_orientation=\u00bbcenter\u00bb background_layout=\u00bblight\u00bb content_orientation=\u00bbcenter\u00bb custom_button_one=\u00bboff\u00bb button_one_icon_placement=\u00bbright\u00bb custom_button_two=\u00bboff\u00bb button_two_icon_placement=\u00bbright\u00bb \/][\/et_pb_section][et_pb_section bb_built=\u00bb1&#8243; prev_background_color=\u00bb#000000&#8243;][et_pb_row][et_pb_column type=\u00bb4_4&#8243;][et_pb_blog _builder_version=\u00bb3.0.105&#8243; show_content=\u00bboff\u00bb show_thumbnail=\u00bbon\u00bb show_more=\u00bboff\u00bb show_author=\u00bbon\u00bb show_date=\u00bbon\u00bb show_categories=\u00bbon\u00bb show_comments=\u00bbon\u00bb show_pagination=\u00bbon\u00bb fullwidth=\u00bboff\u00bb use_overlay=\u00bboff\u00bb background_layout=\u00bblight\u00bb pagination_font_size_tablet=\u00bb51&#8243; pagination_line_height_tablet=\u00bb2&#8243; include_categories=\u00bb19,14,15&#8243; box_shadow_vertical=\u00bb1px\u00bb box_shadow_blur=\u00bb5px\u00bb box_shadow_color=\u00bbrgba(0,0,0,.1)\u00bb module_class=\u00bbblog_igualado\u00bb \/][\/et_pb_column][\/et_pb_row][\/et_pb_section]<\/p>\n","protected":false},"excerpt":{"rendered":"<div class=\"et_pb_row et_pb_row_0 et_pb_row_empty\">\n\t\t\t\t\n\t\t\t\t\n\t\t\t\t\n\t\t\t\t\n\t\t\t\t\n\t\t\t<\/div>\n","protected":false},"author":1,"featured_media":0,"parent":0,"menu_order":0,"comment_status":"closed","ping_status":"closed","template":"","meta":{"_et_pb_use_builder":"on","_et_pb_old_content":"","_et_gb_content_width":"","footnotes":""},"class_list":["post-1162","page","type-page","status-publish","hentry"],"_links":{"self":[{"href":"https:\/\/lajueya.net\/index.php\/wp-json\/wp\/v2\/pages\/1162","targetHints":{"allow":["GET"]}}],"collection":[{"href":"https:\/\/lajueya.net\/index.php\/wp-json\/wp\/v2\/pages"}],"about":[{"href":"https:\/\/lajueya.net\/index.php\/wp-json\/wp\/v2\/types\/page"}],"author":[{"embeddable":true,"href":"https:\/\/lajueya.net\/index.php\/wp-json\/wp\/v2\/users\/1"}],"replies":[{"embeddable":true,"href":"https:\/\/lajueya.net\/index.php\/wp-json\/wp\/v2\/comments?post=1162"}],"version-history":[{"count":3,"href":"https:\/\/lajueya.net\/index.php\/wp-json\/wp\/v2\/pages\/1162\/revisions"}],"predecessor-version":[{"id":1674,"href":"https:\/\/lajueya.net\/index.php\/wp-json\/wp\/v2\/pages\/1162\/revisions\/1674"}],"wp:attachment":[{"href":"https:\/\/lajueya.net\/index.php\/wp-json\/wp\/v2\/media?parent=1162"}],"curies":[{"name":"wp","href":"https:\/\/api.w.org\/{rel}","templated":true}]}}