{"id":1933,"date":"2018-10-29T11:32:10","date_gmt":"2018-10-29T11:32:10","guid":{"rendered":"http:\/\/lajueya.net\/?page_id=1933"},"modified":"2019-11-17T19:33:21","modified_gmt":"2019-11-17T19:33:21","slug":"la-jueya-2017-2018","status":"publish","type":"page","link":"https:\/\/lajueya.net\/index.php\/la-jueya-2017-2018\/","title":{"rendered":"La Jueya 2017-2018"},"content":{"rendered":"<p>[et_pb_section fb_built=\u00bb1&#8243; fullwidth=\u00bbon\u00bb custom_padding_last_edited=\u00bbon|desktop\u00bb admin_label=\u00bbsection\u00bb _builder_version=\u00bb4.0.6&#8243; background_color=\u00bb#f4a460&#8243; custom_padding_tablet=\u00bb50px|0|50px|0&#8243; custom_padding_phone=\u00bb\u00bb hover_enabled=\u00bb0&#8243;][et_pb_fullwidth_header title=\u00bbLa Jueya, 2017-2018&#8243; subhead=\u00bbPicos de Europa. Alumnos y profesores de la comarca\u00bb header_image_url=\u00bbhttp:\/\/lajueya.net\/wp-content\/uploads\/2017\/09\/Cabecera-paloma.gif\u00bb admin_label=\u00bbFullwidth Header\u00bb _builder_version=\u00bb4.0.6&#8243; background_color=\u00bbrgba(255,255,255,0)\u00bb max_width_tablet=\u00bb50px\u00bb hover_enabled=\u00bb0&#8243; custom_css_header_image=\u00bbwidth: 150px;\u00bb button_one_text_size__hover_enabled=\u00bboff\u00bb button_two_text_size__hover_enabled=\u00bboff\u00bb button_one_text_color__hover_enabled=\u00bboff\u00bb button_two_text_color__hover_enabled=\u00bboff\u00bb button_one_border_width__hover_enabled=\u00bboff\u00bb button_two_border_width__hover_enabled=\u00bboff\u00bb button_one_border_color__hover_enabled=\u00bboff\u00bb button_two_border_color__hover_enabled=\u00bboff\u00bb button_one_border_radius__hover_enabled=\u00bboff\u00bb button_two_border_radius__hover_enabled=\u00bboff\u00bb button_one_letter_spacing__hover_enabled=\u00bboff\u00bb button_two_letter_spacing__hover_enabled=\u00bboff\u00bb button_one_bg_color__hover_enabled=\u00bboff\u00bb button_two_bg_color__hover_enabled=\u00bboff\u00bb][\/et_pb_fullwidth_header][\/et_pb_section][et_pb_section fb_built=\u00bb1&#8243; custom_padding_last_edited=\u00bbon|desktop\u00bb admin_label=\u00bbsection\u00bb _builder_version=\u00bb3.22&#8243; background_color=\u00bb#ffffff\u00bb custom_padding_tablet=\u00bb50px|0|50px|0&#8243; custom_padding_phone=\u00bb\u00bb transparent_background=\u00bboff\u00bb padding_mobile=\u00bboff\u00bb][et_pb_row _builder_version=\u00bb3.25&#8243; background_size=\u00bbinitial\u00bb background_position=\u00bbtop_left\u00bb background_repeat=\u00bbrepeat\u00bb][et_pb_column type=\u00bb4_4&#8243; _builder_version=\u00bb3.25&#8243; custom_padding=\u00bb|||\u00bb custom_padding__hover=\u00bb|||\u00bb][et_pb_text _builder_version=\u00bb3.27.4&#8243; background_size=\u00bbinitial\u00bb background_position=\u00bbtop_left\u00bb background_repeat=\u00bbrepeat\u00bb module_alignment=\u00bbleft\u00bb]<\/p>\n<h1>Hemeroteca<\/h1>\n<p>CURSO 2017-2018<br \/>\n[\/et_pb_text][\/et_pb_column][\/et_pb_row][et_pb_row _builder_version=\u00bb3.25&#8243; background_size=\u00bbinitial\u00bb background_position=\u00bbtop_left\u00bb background_repeat=\u00bbrepeat\u00bb column_structure=\u00bb1_3,1_3,1_3&#8243;][et_pb_column type=\u00bb1_3&#8243; _builder_version=\u00bb3.25&#8243; custom_padding=\u00bb|||\u00bb custom_padding__hover=\u00bb|||\u00bb][et_pb_blurb title=\u00bbLa Jueya 221, 7 may 2018&#8243; url=\u00bbhttps:\/\/lajueya.net\/wp-content\/uploads\/2018\/05\/LaJueya221.7.05.2018-1.pdf\u00bb url_new_window=\u00bbon\u00bb image=\u00bbhttps:\/\/lajueya.net\/wp-content\/uploads\/2018\/05\/LaJueya221.7.05.2018.jpg\u00bb admin_label=\u00bb221&#8243; _builder_version=\u00bb3.2.2&#8243; background_size=\u00bbinitial\u00bb background_position=\u00bbtop_left\u00bb background_repeat=\u00bbrepeat\u00bb text_orientation=\u00bbcenter\u00bb animation=\u00bboff\u00bb border_width_all=\u00bb2px\u00bb border_color_all=\u00bb#a8a8a8&#8243; use_border_color=\u00bbon\u00bb][\/et_pb_blurb][et_pb_blurb title=\u00bbLa Jueya 218, 26 feb 2018&#8243; url=\u00bbhttp:\/\/lajueya.net\/wp-content\/uploads\/2018\/02\/LaJueya218.26.02.2018.pdf\u00bb url_new_window=\u00bbon\u00bb image=\u00bbhttp:\/\/lajueya.net\/wp-content\/uploads\/2018\/02\/LaJueya218.26.02.2018.jpg\u00bb admin_label=\u00bb218&#8243; _builder_version=\u00bb3.0.105&#8243; background_size=\u00bbinitial\u00bb background_position=\u00bbtop_left\u00bb background_repeat=\u00bbrepeat\u00bb text_orientation=\u00bbcenter\u00bb animation=\u00bboff\u00bb border_width_all=\u00bb2px\u00bb border_color_all=\u00bb#a8a8a8&#8243; use_border_color=\u00bbon\u00bb][\/et_pb_blurb][et_pb_blurb title=\u00bbLa Jueya 215, 18 dic 2017&#8243; url=\u00bbhttp:\/\/lajueya.net\/wp-content\/uploads\/2017\/12\/LaJueya215.18.12.2017.pdf\u00bb url_new_window=\u00bbon\u00bb image=\u00bbhttp:\/\/lajueya.net\/wp-content\/uploads\/2017\/12\/LaJueya215.18.12.2017.jpg\u00bb admin_label=\u00bb215&#8243; _builder_version=\u00bb3.0.89&#8243; background_size=\u00bbinitial\u00bb background_position=\u00bbtop_left\u00bb background_repeat=\u00bbrepeat\u00bb text_orientation=\u00bbcenter\u00bb animation=\u00bboff\u00bb border_width_all=\u00bb2px\u00bb border_color_all=\u00bb#a8a8a8&#8243; use_border_color=\u00bbon\u00bb border_color=\u00bb#a8a8a8&#8243; border_width=\u00bb2px\u00bb][\/et_pb_blurb][et_pb_blurb title=\u00bbLa Jueya 212, 6 nov 2017&#8243; url=\u00bbhttp:\/\/lajueya.net\/wp-content\/uploads\/2017\/11\/LaJueya212.6.11.2017.pdf\u00bb url_new_window=\u00bbon\u00bb image=\u00bbhttp:\/\/lajueya.net\/wp-content\/uploads\/2016\/02\/LaJueya212.6.11.2017.jpg\u00bb admin_label=\u00bb212&#8243; _builder_version=\u00bb3.0.87&#8243; background_size=\u00bbinitial\u00bb background_position=\u00bbtop_left\u00bb background_repeat=\u00bbrepeat\u00bb text_orientation=\u00bbcenter\u00bb animation=\u00bboff\u00bb border_width_all=\u00bb2px\u00bb border_color_all=\u00bb#a8a8a8&#8243; border_style_all=\u00bbsolid\u00bb use_border_color=\u00bbon\u00bb border_color=\u00bb#a8a8a8&#8243; border_width=\u00bb2px\u00bb][\/et_pb_blurb][\/et_pb_column][et_pb_column type=\u00bb1_3&#8243; _builder_version=\u00bb3.25&#8243; custom_padding=\u00bb|||\u00bb custom_padding__hover=\u00bb|||\u00bb][et_pb_blurb title=\u00bbLa Jueya 220, 16 abr 2018&#8243; url=\u00bbhttp:\/\/lajueya.net\/wp-content\/uploads\/2018\/04\/LaJueya220.16.04.2018.pdf\u00bb url_new_window=\u00bbon\u00bb image=\u00bbhttp:\/\/lajueya.net\/wp-content\/uploads\/2018\/04\/LaJueya220.16.04.2018-1.jpg\u00bb admin_label=\u00bb220&#8243; _builder_version=\u00bb3.0.106&#8243; background_size=\u00bbinitial\u00bb background_position=\u00bbtop_left\u00bb background_repeat=\u00bbrepeat\u00bb text_orientation=\u00bbcenter\u00bb animation=\u00bboff\u00bb border_width_all=\u00bb2px\u00bb border_color_all=\u00bb#a8a8a8&#8243; use_border_color=\u00bbon\u00bb][\/et_pb_blurb][et_pb_blurb title=\u00bbLa Jueya 217, 5 feb 2018&#8243; url=\u00bbhttp:\/\/lajueya.net\/wp-content\/uploads\/2018\/02\/LaJueya217.5.02.2018.pdf\u00bb url_new_window=\u00bbon\u00bb image=\u00bbhttp:\/\/lajueya.net\/wp-content\/uploads\/2018\/02\/LaJueya217.5.02.2018.jpg\u00bb admin_label=\u00bb217&#8243; _builder_version=\u00bb3.0.95&#8243; background_size=\u00bbinitial\u00bb background_position=\u00bbtop_left\u00bb background_repeat=\u00bbrepeat\u00bb text_orientation=\u00bbcenter\u00bb animation=\u00bboff\u00bb border_width_all=\u00bb2px\u00bb border_color_all=\u00bb#a8a8a8&#8243; use_border_color=\u00bbon\u00bb][\/et_pb_blurb][et_pb_blurb title=\u00bbLa Jueya 214, 4 dic 2017&#8243; url=\u00bbhttp:\/\/lajueya.net\/wp-content\/uploads\/2017\/12\/LaJueya214.4.12.2017.pdf\u00bb url_new_window=\u00bbon\u00bb image=\u00bbhttp:\/\/lajueya.net\/wp-content\/uploads\/2017\/12\/LaJueya214.4.12.2017.jpg\u00bb admin_label=\u00bb214&#8243; _builder_version=\u00bb3.0.89&#8243; background_size=\u00bbinitial\u00bb background_position=\u00bbtop_left\u00bb background_repeat=\u00bbrepeat\u00bb text_orientation=\u00bbcenter\u00bb animation=\u00bboff\u00bb border_width_all=\u00bb2px\u00bb border_color_all=\u00bb#a8a8a8&#8243; use_border_color=\u00bbon\u00bb border_color=\u00bb#a8a8a8&#8243; border_width=\u00bb2px\u00bb][\/et_pb_blurb][et_pb_blurb title=\u00bbLa Jueya 211, 23 oct 2017&#8243; url=\u00bbhttp:\/\/lajueya.net\/wp-content\/uploads\/2017\/10\/LaJueya211.23.10.2017.pdf\u00bb url_new_window=\u00bbon\u00bb image=\u00bbhttp:\/\/lajueya.net\/wp-content\/uploads\/2017\/10\/LaJueya211.23.10.2017.jpg\u00bb admin_label=\u00bb211&#8243; _builder_version=\u00bb3.0.89&#8243; background_size=\u00bbinitial\u00bb background_position=\u00bbtop_left\u00bb background_repeat=\u00bbrepeat\u00bb text_orientation=\u00bbcenter\u00bb animation=\u00bboff\u00bb border_width_all=\u00bb2px\u00bb border_color_all=\u00bb#a8a8a8&#8243; use_border_color=\u00bbon\u00bb border_color=\u00bb#a8a8a8&#8243; border_width=\u00bb2px\u00bb][\/et_pb_blurb][\/et_pb_column][et_pb_column type=\u00bb1_3&#8243; _builder_version=\u00bb3.25&#8243; custom_padding=\u00bb|||\u00bb custom_padding__hover=\u00bb|||\u00bb][et_pb_blurb title=\u00bbLa Jueya 219, 19 mar 2018&#8243; url=\u00bbhttp:\/\/lajueya.net\/wp-content\/uploads\/2018\/03\/LaJueya219.19.03.2018.pdf\u00bb url_new_window=\u00bbon\u00bb image=\u00bbhttp:\/\/lajueya.net\/wp-content\/uploads\/2018\/03\/LaJueya219.19.03.2018.jpg\u00bb admin_label=\u00bb219&#8243; _builder_version=\u00bb3.0.106&#8243; background_size=\u00bbinitial\u00bb background_position=\u00bbtop_left\u00bb background_repeat=\u00bbrepeat\u00bb text_orientation=\u00bbcenter\u00bb animation=\u00bboff\u00bb border_width_all=\u00bb2px\u00bb border_color_all=\u00bb#a8a8a8&#8243; use_border_color=\u00bbon\u00bb][\/et_pb_blurb][et_pb_blurb title=\u00bbLa Jueya 216, 22 ene 2018&#8243; url=\u00bbhttp:\/\/lajueya.net\/wp-content\/uploads\/2018\/01\/LaJueya216.22.01.2018.pdf\u00bb url_new_window=\u00bbon\u00bb image=\u00bbhttp:\/\/lajueya.net\/wp-content\/uploads\/2018\/01\/LaJueya216.22.01.2018.jpg\u00bb admin_label=\u00bb216&#8243; _builder_version=\u00bb3.0.95&#8243; background_size=\u00bbinitial\u00bb background_position=\u00bbtop_left\u00bb background_repeat=\u00bbrepeat\u00bb text_orientation=\u00bbcenter\u00bb animation=\u00bboff\u00bb border_width_all=\u00bb2px\u00bb border_color_all=\u00bb#a8a8a8&#8243; use_border_color=\u00bbon\u00bb][\/et_pb_blurb][et_pb_blurb title=\u00bbLa Jueya 213, 20 nov 2017&#8243; url=\u00bbhttp:\/\/lajueya.net\/wp-content\/uploads\/2017\/12\/LaJueya213.20.11.2017.pdf\u00bb url_new_window=\u00bbon\u00bb image=\u00bbhttp:\/\/lajueya.net\/wp-content\/uploads\/2017\/12\/LaJueya213.20.11.2017.jpg\u00bb admin_label=\u00bb213&#8243; _builder_version=\u00bb3.0.89&#8243; background_size=\u00bbinitial\u00bb background_position=\u00bbtop_left\u00bb background_repeat=\u00bbrepeat\u00bb text_orientation=\u00bbcenter\u00bb animation=\u00bboff\u00bb border_width_all=\u00bb2px\u00bb border_color_all=\u00bb#a8a8a8&#8243; use_border_color=\u00bbon\u00bb border_color=\u00bb#a8a8a8&#8243; border_width=\u00bb2px\u00bb][\/et_pb_blurb][\/et_pb_column][\/et_pb_row][\/et_pb_section][et_pb_section fb_built=\u00bb1&#8243; custom_padding_last_edited=\u00bbon|desktop\u00bb admin_label=\u00bbsection\u00bb _builder_version=\u00bb3.22&#8243; background_color=\u00bb#000000&#8243; custom_padding_tablet=\u00bb50px|0|50px|0&#8243; custom_padding_phone=\u00bb\u00bb transparent_background=\u00bboff\u00bb padding_mobile=\u00bboff\u00bb][et_pb_row admin_label=\u00bbrow\u00bb _builder_version=\u00bb3.25&#8243; background_size=\u00bbinitial\u00bb background_position=\u00bbtop_left\u00bb background_repeat=\u00bbrepeat\u00bb column_structure=\u00bb1_4,1_4,1_4,1_4&#8243;][et_pb_column type=\u00bb1_4&#8243; _builder_version=\u00bb3.25&#8243; custom_padding=\u00bb|||\u00bb custom_padding__hover=\u00bb|||\u00bb][et_pb_blurb title=\u00bbDestino Asturias\u00bb url=\u00bbhttp:\/\/www.destinoasturias.com\u00bb url_new_window=\u00bbon\u00bb image=\u00bbhttp:\/\/lajueya.net\/wp-content\/uploads\/2017\/09\/logoasturiaslajueya.jpg\u00bb admin_label=\u00bbDestino Asturias\u00bb _builder_version=\u00bb3.0.76&#8243; background_size=\u00bbinitial\u00bb background_position=\u00bbtop_left\u00bb background_repeat=\u00bbrepeat\u00bb text_orientation=\u00bbcenter\u00bb background_layout=\u00bbdark\u00bb max_width_tablet=\u00bb50px\u00bb][\/et_pb_blurb][\/et_pb_column][et_pb_column type=\u00bb1_4&#8243; _builder_version=\u00bb3.25&#8243; custom_padding=\u00bb|||\u00bb custom_padding__hover=\u00bb|||\u00bb][et_pb_blurb title=\u00bbEl Mol\u00edn de La Pedrera\u00bb url=\u00bbhttp:\/\/www.elmolin.com\u00bb url_new_window=\u00bbon\u00bb image=\u00bbhttp:\/\/lajueya.net\/wp-content\/uploads\/2017\/09\/Logo-El-Molin.png\u00bb admin_label=\u00bbEl Mol\u00edn\u00bb _builder_version=\u00bb3.0.76&#8243; background_size=\u00bbinitial\u00bb background_position=\u00bbtop_left\u00bb background_repeat=\u00bbrepeat\u00bb text_orientation=\u00bbcenter\u00bb background_layout=\u00bbdark\u00bb max_width_tablet=\u00bb50px\u00bb]Restaurante<br \/>\nCalle R\u00edo G\u00fce\u00f1a, 2<br \/>\nCangas de On\u00eds, Asturias<br \/>\n985 84 91 09<br \/>\n[\/et_pb_blurb][et_pb_blurb title=\u00bbEl Rinc\u00f3n del Casta\u00f1u\u00bb url=\u00bbhttps:\/\/www.facebook.com\/mesonrincon.delcastanu.5\/\u00bb url_new_window=\u00bbon\u00bb image=\u00bbhttp:\/\/lajueya.net\/wp-content\/uploads\/2017\/09\/Logo-Meson-Cata\u00f1u.tiff\u00bb admin_label=\u00bbEl Casta\u00f1u\u00bb _builder_version=\u00bb3.0.76&#8243; background_size=\u00bbinitial\u00bb background_position=\u00bbtop_left\u00bb background_repeat=\u00bbrepeat\u00bb text_orientation=\u00bbcenter\u00bb background_layout=\u00bbdark\u00bb max_width_tablet=\u00bb50px\u00bb]Mes\u00f3n &#8211; Sidrer\u00eda<br \/>\nCalle Ram\u00f3n del Valle, 3<br \/>\nArriondas, Asturias<br \/>\n985 84 16 74<br \/>\n[\/et_pb_blurb][\/et_pb_column][et_pb_column type=\u00bb1_4&#8243; _builder_version=\u00bb3.25&#8243; custom_padding=\u00bb|||\u00bb custom_padding__hover=\u00bb|||\u00bb][et_pb_blurb title=\u00bbLa Escuela\u00bb url=\u00bbhttps:\/\/www.facebook.com\/laescuelacangasrockbar\/\u00bb url_new_window=\u00bbon\u00bb image=\u00bbhttp:\/\/lajueya.net\/wp-content\/uploads\/2017\/09\/Logo-La-Escuela.jpg\u00bb admin_label=\u00bbLa Escuela\u00bb _builder_version=\u00bb3.0.76&#8243; background_size=\u00bbinitial\u00bb background_position=\u00bbtop_left\u00bb background_repeat=\u00bbrepeat\u00bb text_orientation=\u00bbcenter\u00bb background_layout=\u00bbdark\u00bb max_width_tablet=\u00bb50px\u00bb]Rock Bar<br \/>\nCalle Celso Diego Somano, 3, Cangas de On\u00eds,\u00a0Asturias<br \/>\n984 84 00 36<br \/>\n[\/et_pb_blurb][\/et_pb_column][et_pb_column type=\u00bb1_4&#8243; _builder_version=\u00bb3.25&#8243; custom_padding=\u00bb|||\u00bb custom_padding__hover=\u00bb|||\u00bb][et_pb_blurb title=\u00bbFusi\u00f3n, Animaci\u00f3n\u00bb url=\u00bbhttp:\/\/www.destinoasturias.com\u00bb url_new_window=\u00bbon\u00bb image=\u00bbhttp:\/\/lajueya.net\/wp-content\/uploads\/2017\/09\/Fusi\u00f3n.jpg\u00bb admin_label=\u00bbFusi\u00f3n\u00bb _builder_version=\u00bb3.0.76&#8243; background_size=\u00bbinitial\u00bb background_position=\u00bbtop_left\u00bb background_repeat=\u00bbrepeat\u00bb text_orientation=\u00bbcenter\u00bb background_layout=\u00bbdark\u00bb max_width_tablet=\u00bb50px\u00bb][\/et_pb_blurb][\/et_pb_column][\/et_pb_row][et_pb_row _builder_version=\u00bb3.25&#8243; background_size=\u00bbinitial\u00bb background_position=\u00bbtop_left\u00bb background_repeat=\u00bbrepeat\u00bb][et_pb_column type=\u00bb4_4&#8243; _builder_version=\u00bb3.25&#8243; custom_padding=\u00bb|||\u00bb custom_padding__hover=\u00bb|||\u00bb][et_pb_text _builder_version=\u00bb3.27.4&#8243; background_size=\u00bbinitial\u00bb background_position=\u00bbtop_left\u00bb background_repeat=\u00bbrepeat\u00bb background_layout=\u00bbdark\u00bb module_alignment=\u00bbleft\u00bb]<\/p>\n<h1 style=\"text-align: center;\">Empresas colaboradoras con nuestro peri\u00f3dico<\/h1>\n<p>[\/et_pb_text][\/et_pb_column][\/et_pb_row][\/et_pb_section]<\/p>\n","protected":false},"excerpt":{"rendered":"<p>Hemeroteca CURSO 2017-2018 Restaurante Calle R\u00edo G\u00fce\u00f1a, 2 Cangas de On\u00eds, Asturias 985 84 91 09 Mes\u00f3n &#8211; Sidrer\u00eda Calle Ram\u00f3n del Valle, 3 Arriondas, Asturias 985 84 16 74 Rock Bar Calle Celso Diego Somano, 3, Cangas de On\u00eds,\u00a0Asturias 984 84 00 36 Empresas colaboradoras con nuestro peri\u00f3dico<\/p>\n","protected":false},"author":1,"featured_media":0,"parent":0,"menu_order":0,"comment_status":"closed","ping_status":"closed","template":"","meta":{"_et_pb_use_builder":"on","_et_pb_old_content":"","_et_gb_content_width":"","footnotes":""},"class_list":["post-1933","page","type-page","status-publish","hentry"],"_links":{"self":[{"href":"https:\/\/lajueya.net\/index.php\/wp-json\/wp\/v2\/pages\/1933","targetHints":{"allow":["GET"]}}],"collection":[{"href":"https:\/\/lajueya.net\/index.php\/wp-json\/wp\/v2\/pages"}],"about":[{"href":"https:\/\/lajueya.net\/index.php\/wp-json\/wp\/v2\/types\/page"}],"author":[{"embeddable":true,"href":"https:\/\/lajueya.net\/index.php\/wp-json\/wp\/v2\/users\/1"}],"replies":[{"embeddable":true,"href":"https:\/\/lajueya.net\/index.php\/wp-json\/wp\/v2\/comments?post=1933"}],"version-history":[{"count":5,"href":"https:\/\/lajueya.net\/index.php\/wp-json\/wp\/v2\/pages\/1933\/revisions"}],"predecessor-version":[{"id":5278,"href":"https:\/\/lajueya.net\/index.php\/wp-json\/wp\/v2\/pages\/1933\/revisions\/5278"}],"wp:attachment":[{"href":"https:\/\/lajueya.net\/index.php\/wp-json\/wp\/v2\/media?parent=1933"}],"curies":[{"name":"wp","href":"https:\/\/api.w.org\/{rel}","templated":true}]}}