{"id":904,"date":"2016-12-10T20:40:49","date_gmt":"2016-12-10T20:40:49","guid":{"rendered":"http:\/\/alospicos.com\/lajueya1516\/?page_id=904"},"modified":"2017-10-19T16:33:16","modified_gmt":"2017-10-19T16:33:16","slug":"quienes-somos","status":"publish","type":"page","link":"https:\/\/lajueya.net\/index.php\/quienes-somos\/","title":{"rendered":"Qui\u00e9nes somos"},"content":{"rendered":"<p>[et_pb_section bb_built=\u00bb1&#8243; fullwidth=\u00bbon\u00bb specialty=\u00bboff\u00bb][et_pb_fullwidth_image src=\u00bbhttp:\/\/lajueya.net\/wp-content\/uploads\/2016\/12\/Cabecera-texto.gif\u00bb show_in_lightbox=\u00bboff\u00bb url_new_window=\u00bboff\u00bb use_overlay=\u00bboff\u00bb animation=\u00bboff\u00bb border_style=\u00bbsolid\u00bb _builder_version=\u00bb3.0.82&#8243; module_alignment=\u00bbcenter\u00bb max_width=\u00bb20%\u00bb box_shadow_style=\u00bbpreset7&#8243; animation_direction=\u00bboff\u00bb \/][\/et_pb_section][et_pb_section bb_built=\u00bb1&#8243; admin_label=\u00bbsection\u00bb][et_pb_row admin_label=\u00bbrow\u00bb background_position=\u00bbtop_left\u00bb background_repeat=\u00bbrepeat\u00bb background_size=\u00bbinitial\u00bb][et_pb_column type=\u00bb1_3&#8243;][et_pb_image show_in_lightbox=\u00bboff\u00bb url_new_window=\u00bboff\u00bb use_overlay=\u00bboff\u00bb animation=\u00bbleft\u00bb sticky=\u00bboff\u00bb align=\u00bbleft\u00bb force_fullwidth=\u00bboff\u00bb always_center_on_mobile=\u00bbon\u00bb border_style=\u00bbsolid\u00bb src=\u00bbhttp:\/\/lajueya.net\/wp-content\/uploads\/2016\/12\/174-Domi-El-gran-paso-b.jpg\u00bb animation_direction=\u00bbleft\u00bb animation_style=\u00bbslide\u00bb animation_duration=\u00bb500ms\u00bb animation_intensity_slide=\u00bb10%\u00bb _builder_version=\u00bb3.0.82&#8243; show_bottom_space=\u00bbon\u00bb box_shadow_position=\u00bbouter\u00bb \/][\/et_pb_column][et_pb_column type=\u00bb2_3&#8243;][et_pb_text background_layout=\u00bblight\u00bb border_style=\u00bbsolid\u00bb module_alignment=\u00bbleft\u00bb background_position=\u00bbtop_left\u00bb background_repeat=\u00bbrepeat\u00bb background_size=\u00bbinitial\u00bb _builder_version=\u00bb3.0.82&#8243; box_shadow_position=\u00bbouter\u00bb]<\/p>\n<p>La Jueya es un peri\u00f3dico en papel elaborado por estudiantes y profesores de la comarca de Los Picos de Europa. El comienzo tuvo lugar durante el a\u00f1o acad\u00e9mico 2005-2006, y \u00e9ste es el CURSO DECIMOTERCERO en que se publica. Ya hemos sobrepasado el N\u00ba 200.<\/p>\n<p>La publicaci\u00f3n est\u00e1 constituida por trabajos de estudiantes y profesores de la comarca, o de sus colaboradores; y est\u00e1 destinada a poner en conocimiento de la comunidad educativa el resultado de sus investigaciones.<\/p>\n<p>La edici\u00f3n en papel es quincenal y cuenta con una tirada de 200 ejemplares por n\u00famero. Se financia con las aportaciones de sus colaboradores: empresas de su entorno, que aportan entre 2 y 4 \u20ac por cada n\u00famero publicado, y varios colaboradores individuales, que contribuyen con una donaci\u00f3n \u00fanica de 5 \u20ac. Si deseas ser uno de ellos, env\u00edanos un correo a lajueya@hotmail.com. Te indicaremos d\u00f3nde puedes depositar tu colaboraci\u00f3n y te haremos llegar una acreditaci\u00f3n de la ayuda.<\/p>\n<p>[\/et_pb_text][\/et_pb_column][\/et_pb_row][\/et_pb_section]<\/p>\n","protected":false},"excerpt":{"rendered":"<p>La Jueya es un peri\u00f3dico en papel elaborado por estudiantes y profesores de la comarca de Los Picos de Europa. El comienzo tuvo lugar durante el a\u00f1o acad\u00e9mico 2005-2006, y \u00e9ste es el CURSO DECIMOTERCERO en que se publica. Ya hemos sobrepasado el N\u00ba 200. La publicaci\u00f3n est\u00e1 constituida por trabajos de estudiantes y profesores [&hellip;]<\/p>\n","protected":false},"author":1,"featured_media":0,"parent":0,"menu_order":0,"comment_status":"closed","ping_status":"closed","template":"","meta":{"_et_pb_use_builder":"on","_et_pb_old_content":"","_et_gb_content_width":"","footnotes":""},"class_list":["post-904","page","type-page","status-publish","hentry"],"_links":{"self":[{"href":"https:\/\/lajueya.net\/index.php\/wp-json\/wp\/v2\/pages\/904","targetHints":{"allow":["GET"]}}],"collection":[{"href":"https:\/\/lajueya.net\/index.php\/wp-json\/wp\/v2\/pages"}],"about":[{"href":"https:\/\/lajueya.net\/index.php\/wp-json\/wp\/v2\/types\/page"}],"author":[{"embeddable":true,"href":"https:\/\/lajueya.net\/index.php\/wp-json\/wp\/v2\/users\/1"}],"replies":[{"embeddable":true,"href":"https:\/\/lajueya.net\/index.php\/wp-json\/wp\/v2\/comments?post=904"}],"version-history":[{"count":4,"href":"https:\/\/lajueya.net\/index.php\/wp-json\/wp\/v2\/pages\/904\/revisions"}],"predecessor-version":[{"id":1091,"href":"https:\/\/lajueya.net\/index.php\/wp-json\/wp\/v2\/pages\/904\/revisions\/1091"}],"wp:attachment":[{"href":"https:\/\/lajueya.net\/index.php\/wp-json\/wp\/v2\/media?parent=904"}],"curies":[{"name":"wp","href":"https:\/\/api.w.org\/{rel}","templated":true}]}}